{"id":3812,"date":"2017-11-16T09:22:09","date_gmt":"2017-11-16T09:22:09","guid":{"rendered":"http:\/\/www.jovir.es\/Jovir\/?page_id=3812"},"modified":"2017-11-16T09:24:47","modified_gmt":"2017-11-16T09:24:47","slug":"company","status":"publish","type":"page","link":"https:\/\/www.jovir.es\/Jovir\/en\/company\/","title":{"rendered":"Company"},"content":{"rendered":"\t\t<div data-elementor-type=\"wp-post\" data-elementor-id=\"3812\" class=\"elementor elementor-3812 elementor-bc-flex-widget\" data-elementor-settings=\"[]\">\n\t\t\t\t\t\t<div class=\"elementor-inner\">\n\t\t\t\t\t\t\t<div class=\"elementor-section-wrap\">\n\t\t\t\t\t\t\t<section class=\"elementor-section elementor-top-section elementor-element elementor-element-zzucfa6 elementor-section-boxed elementor-section-height-default elementor-section-height-default\" data-id=\"zzucfa6\" data-element_type=\"section\">\n\t\t\t\t\t\t<div class=\"elementor-container elementor-column-gap-default\">\n\t\t\t\t\t\t\t<div class=\"elementor-row\">\n\t\t\t\t\t<div class=\"elementor-column elementor-col-100 elementor-top-column elementor-element elementor-element-4w4rc4t\" data-id=\"4w4rc4t\" data-element_type=\"column\">\n\t\t\t<div class=\"elementor-column-wrap elementor-element-populated\">\n\t\t\t\t\t\t\t<div class=\"elementor-widget-wrap\">\n\t\t\t\t\t\t<div class=\"elementor-element elementor-element-72pfomv elementor-widget elementor-widget-image\" data-id=\"72pfomv\" data-element_type=\"widget\" data-widget_type=\"image.default\">\n\t\t\t\t<div class=\"elementor-widget-container\">\n\t\t\t\t\t<div class=\"elementor-image\">\n\t\t\t\t\t\t\t\t\t\t<img width=\"1417\" height=\"647\" src=\"https:\/\/www.jovir.es\/Jovir\/wp-content\/uploads\/2017\/11\/DSC2452_reco.jpg\" class=\"attachment-full size-full\" alt=\"\" loading=\"lazy\" srcset=\"https:\/\/www.jovir.es\/Jovir\/wp-content\/uploads\/2017\/11\/DSC2452_reco.jpg 1417w, https:\/\/www.jovir.es\/Jovir\/wp-content\/uploads\/2017\/11\/DSC2452_reco-300x137.jpg 300w, https:\/\/www.jovir.es\/Jovir\/wp-content\/uploads\/2017\/11\/DSC2452_reco-768x351.jpg 768w, https:\/\/www.jovir.es\/Jovir\/wp-content\/uploads\/2017\/11\/DSC2452_reco-1024x468.jpg 1024w, https:\/\/www.jovir.es\/Jovir\/wp-content\/uploads\/2017\/11\/DSC2452_reco-120x55.jpg 120w, https:\/\/www.jovir.es\/Jovir\/wp-content\/uploads\/2017\/11\/DSC2452_reco-1000x457.jpg 1000w, https:\/\/www.jovir.es\/Jovir\/wp-content\/uploads\/2017\/11\/DSC2452_reco-600x274.jpg 600w, https:\/\/www.jovir.es\/Jovir\/wp-content\/uploads\/2017\/11\/DSC2452_reco-1226x560.jpg 1226w\" sizes=\"(max-width: 1417px) 100vw, 1417px\" \/>\t\t\t\t\t\t\t\t\t\t\t<\/div>\n\t\t\t\t<\/div>\n\t\t\t\t<\/div>\n\t\t\t\t<div class=\"elementor-element elementor-element-y6q7j0i elementor-widget elementor-widget-text-editor\" data-id=\"y6q7j0i\" data-element_type=\"widget\" data-widget_type=\"text-editor.default\">\n\t\t\t\t<div class=\"elementor-widget-container\">\n\t\t\t\t\t<div class=\"elementor-text-editor elementor-clearfix\"><table border=\"0\"><tbody><tr><td align=\"justify\" width=\"70%\">INDUSTRIAS JOVIR, S.L. was founded in 1978 and has been making metal structures for electrical use ever since. We have our very own galvanising plant and automated robotised thermo-lacquered painting installations. in 2003 we opened a hot dip galvanizing plant and since 2012 have termolacada painting facilities.<br \/> <br \/> We have facilities covering an area of 70,000 m2 housing our factory lines: lighting, electrical distribution, galvanising and painting.<br \/> <br \/> We make curved posts and straight columns for street lights, high masts with a moveable or fixed crown, metal lattice masts and lighting for large areas or sports stadiums, as well as braces to support floodlights and lamps.<br \/> <br \/> For the carrying and distribution of electricity, we provide tubular masts made of sheet metal and metal masts (plus fittings) for electrical cables, as well as structures for electrical substations and metal parts for Transformer Substations for electrical companies.<br \/> <br \/> We also produce telephone, radio and television masts.<br \/> <br \/> We are approved suppliers of the main electrical companies such as IBERDROLA, ENDESA, GAS NATURAL FENOSA and E.ON ESPA\u00d1A.<br \/><p>Engineering and R+D<br \/> <br \/> The technology INDUSTRIAS JOVIR S.L. has, and the flexibility of our processes, means we can produce products to meet the individual technical and commercial specifications of our clients.<br \/> <br \/> Our proven experience, coupled with our versatility, excellent production quality and customer service, ensures we can tackle international markets safe in the knowledge we can meet the technical and quality demands of any of them and fulfil the aims and objectives of our clients.<br \/> <br \/> Our ongoing investment in Research and Development ensures we can always offer the very latest as regards products, quality, design, services and implementation.<br \/> <br \/> <br \/> \u00a0<\/p><\/td><\/tr><\/tbody><\/table><div id=\"badger\" style=\"text-align: center;\"><table border=\"0\" width=\"100%\"><tbody><tr><td><img loading=\"lazy\" class=\"aligncenter wp-image-18\" src=\"http:\/\/www.jovir.es\/Jovir\/wp-content\/uploads\/2017\/07\/INFO.jpg\" alt=\"\" width=\"239\" height=\"75\" srcset=\"https:\/\/www.jovir.es\/Jovir\/wp-content\/uploads\/2017\/07\/INFO.jpg 264w, https:\/\/www.jovir.es\/Jovir\/wp-content\/uploads\/2017\/07\/INFO-175x55.jpg 175w\" sizes=\"(max-width: 239px) 100vw, 239px\" \/><\/td><td><img loading=\"lazy\" class=\"aligncenter wp-image-22\" src=\"http:\/\/www.jovir.es\/Jovir\/wp-content\/uploads\/2017\/07\/UnionEuropea.jpg\" alt=\"\" width=\"89\" height=\"75\" srcset=\"https:\/\/www.jovir.es\/Jovir\/wp-content\/uploads\/2017\/07\/UnionEuropea.jpg 137w, https:\/\/www.jovir.es\/Jovir\/wp-content\/uploads\/2017\/07\/UnionEuropea-65x55.jpg 65w\" sizes=\"(max-width: 89px) 100vw, 89px\" \/><\/td><td><img loading=\"lazy\" class=\"aligncenter size-full wp-image-25\" src=\"http:\/\/www.jovir.es\/Jovir\/wp-content\/uploads\/2017\/07\/aenor40.jpg\" alt=\"\" width=\"40\" height=\"75\" srcset=\"https:\/\/www.jovir.es\/Jovir\/wp-content\/uploads\/2017\/07\/aenor40.jpg 40w, https:\/\/www.jovir.es\/Jovir\/wp-content\/uploads\/2017\/07\/aenor40-29x55.jpg 29w\" sizes=\"(max-width: 40px) 100vw, 40px\" \/><\/td><td><img loading=\"lazy\" class=\"aligncenter wp-image-20\" src=\"http:\/\/www.jovir.es\/Jovir\/wp-content\/uploads\/2017\/07\/LOGO_IQNET2.jpg\" alt=\"\" width=\"75\" height=\"75\" srcset=\"https:\/\/www.jovir.es\/Jovir\/wp-content\/uploads\/2017\/07\/LOGO_IQNET2.jpg 70w, https:\/\/www.jovir.es\/Jovir\/wp-content\/uploads\/2017\/07\/LOGO_IQNET2-55x55.jpg 55w\" sizes=\"(max-width: 75px) 100vw, 75px\" \/><\/td><td><img loading=\"lazy\" class=\"aligncenter wp-image-19\" src=\"http:\/\/www.jovir.es\/Jovir\/wp-content\/uploads\/2017\/07\/logo_14001.jpg\" alt=\"\" width=\"41\" height=\"75\" srcset=\"https:\/\/www.jovir.es\/Jovir\/wp-content\/uploads\/2017\/07\/logo_14001.jpg 55w, https:\/\/www.jovir.es\/Jovir\/wp-content\/uploads\/2017\/07\/logo_14001-30x55.jpg 30w\" sizes=\"(max-width: 41px) 100vw, 41px\" \/><\/td><td><img loading=\"lazy\" class=\"aligncenter wp-image-26\" src=\"http:\/\/www.jovir.es\/Jovir\/wp-content\/uploads\/2017\/07\/asefacol2.jpg\" alt=\"\" width=\"75\" height=\"75\" srcset=\"https:\/\/www.jovir.es\/Jovir\/wp-content\/uploads\/2017\/07\/asefacol2.jpg 100w, https:\/\/www.jovir.es\/Jovir\/wp-content\/uploads\/2017\/07\/asefacol2-55x55.jpg 55w\" sizes=\"(max-width: 75px) 100vw, 75px\" \/><\/td><td><img loading=\"lazy\" class=\"aligncenter size-full wp-image-21\" src=\"http:\/\/www.jovir.es\/Jovir\/wp-content\/uploads\/2017\/07\/LOGOAFBEL2.jpg\" alt=\"\" width=\"142\" height=\"37\" \/><\/td><\/tr><\/tbody><\/table><\/div><div style=\"text-align: center;\">Una manera de hacer EuropaFondo<\/div><div style=\"text-align: center;\">Europeo de Desarrollo Regional<br \/> <span style=\"font-size: xx-small;\">Misi\u00f3n Comercial Directa a Marruecos, celebrada del 17 al 21 de octubre de 2016, organizada por la C\u00e1mara de Comercio, Industria y Navegaci\u00f3n de Murcia, y cofinanciada por el Fondo Europeo de Desarrollo Regional (FEDER). y el Instituto de Fomento de la Regi\u00f3n de Murcia.<br \/> Actuaciones destinadas al fomento de la eficiencia energ\u00e9tica y el uso de energ\u00edas renovables cofinanciada por el Fondo Europeo de Desarrollo Regional (FEDER) y la regi\u00f3n de Murcia: Auditoria energ\u00e9tica determinando el potencial de ahorro energ\u00e9tico y renovaci\u00f3n de equipos de iluminaci\u00f3n.<\/span><\/div><\/div>\n\t\t\t\t<\/div>\n\t\t\t\t<\/div>\n\t\t\t\t\t\t<\/div>\n\t\t\t\t\t<\/div>\n\t\t<\/div>\n\t\t\t\t\t\t\t\t<\/div>\n\t\t\t\t\t<\/div>\n\t\t<\/section>\n\t\t\t\t\t\t<\/div>\n\t\t\t\t\t\t<\/div>\n\t\t\t\t\t<\/div>\n\t\t","protected":false},"excerpt":{"rendered":"<p>INDUSTRIAS JOVIR, S.L. was founded in 1978 and has been making metal structures for electrical use ever since. We have our very own galvanising plant and automated robotised thermo-lacquered painting installations. in 2003 we opened a hot dip galvanizing plant and since 2012 have termolacada painting facilities. We have facilities [&hellip;]<\/p>\n","protected":false},"author":1,"featured_media":0,"parent":0,"menu_order":0,"comment_status":"closed","ping_status":"open","template":"","meta":[],"_links":{"self":[{"href":"https:\/\/www.jovir.es\/Jovir\/wp-json\/wp\/v2\/pages\/3812"}],"collection":[{"href":"https:\/\/www.jovir.es\/Jovir\/wp-json\/wp\/v2\/pages"}],"about":[{"href":"https:\/\/www.jovir.es\/Jovir\/wp-json\/wp\/v2\/types\/page"}],"author":[{"embeddable":true,"href":"https:\/\/www.jovir.es\/Jovir\/wp-json\/wp\/v2\/users\/1"}],"replies":[{"embeddable":true,"href":"https:\/\/www.jovir.es\/Jovir\/wp-json\/wp\/v2\/comments?post=3812"}],"version-history":[{"count":3,"href":"https:\/\/www.jovir.es\/Jovir\/wp-json\/wp\/v2\/pages\/3812\/revisions"}],"predecessor-version":[{"id":3815,"href":"https:\/\/www.jovir.es\/Jovir\/wp-json\/wp\/v2\/pages\/3812\/revisions\/3815"}],"wp:attachment":[{"href":"https:\/\/www.jovir.es\/Jovir\/wp-json\/wp\/v2\/media?parent=3812"}],"curies":[{"name":"wp","href":"https:\/\/api.w.org\/{rel}","templated":true}]}}