{"id":2801,"date":"2017-11-09T08:29:18","date_gmt":"2017-11-09T08:29:18","guid":{"rendered":"http:\/\/www.jovir.es\/Jovir\/?page_id=2801"},"modified":"2018-12-14T13:40:56","modified_gmt":"2018-12-14T13:40:56","slug":"rubicon-2","status":"publish","type":"page","link":"https:\/\/www.jovir.es\/Jovir\/rubicon-2\/","title":{"rendered":"Modelo Rubic\u00f3n"},"content":{"rendered":"\t\t<div data-elementor-type=\"wp-post\" data-elementor-id=\"2801\" class=\"elementor elementor-2801 elementor-bc-flex-widget\" data-elementor-settings=\"[]\">\n\t\t\t\t\t\t<div class=\"elementor-inner\">\n\t\t\t\t\t\t\t<div class=\"elementor-section-wrap\">\n\t\t\t\t\t\t\t<section class=\"elementor-section elementor-top-section elementor-element elementor-element-xrahgil elementor-section-boxed elementor-section-height-default elementor-section-height-default\" data-id=\"xrahgil\" data-element_type=\"section\">\n\t\t\t\t\t\t<div class=\"elementor-container elementor-column-gap-default\">\n\t\t\t\t\t\t\t<div class=\"elementor-row\">\n\t\t\t\t\t<div class=\"elementor-column elementor-col-100 elementor-top-column elementor-element elementor-element-cndacoi\" data-id=\"cndacoi\" data-element_type=\"column\">\n\t\t\t<div class=\"elementor-column-wrap elementor-element-populated\">\n\t\t\t\t\t\t\t<div class=\"elementor-widget-wrap\">\n\t\t\t\t\t\t<div class=\"elementor-element elementor-element-nlvurqu elementor-widget elementor-widget-text-editor\" data-id=\"nlvurqu\" data-element_type=\"widget\" data-widget_type=\"text-editor.default\">\n\t\t\t\t<div class=\"elementor-widget-container\">\n\t\t\t\t\t<div class=\"elementor-text-editor elementor-clearfix\"><div id=\"titulo\"><div id=\"titulo\u00a0\">\n\nALUMBRADO P\u00daBLICO\n\n<\/div><\/div>\n<table id=\"submenu\" border=\"0\" width=\"100%\" cellspacing=\"0\" cellpadding=\"10\" align=\"center\">\n<tbody>\n<tr align=\"center\">\n<td>\n<ul id=\"MenuBar1\" class=\"MenuBarHorizontal2\">\n \t<li><a href=\"\/Jovir\/alumbrado-publico\/#baculos\">B\u00c1CULOS Y COLUMNAS<\/a><\/li>\n \t<li><a href=\"\/Jovir\/alumbrado-publico\/#alumbrado\">COLUMNAS DECORATIVAS<\/a><\/li>\n \t<li><a href=\"\/Jovir\/alumbrado-publico\/#semaforico\">SEM\u00c1FOROS<\/a><\/li>\n \t<li><a href=\"\/Jovir\/alumbrado-publico\/#crucetas\">CRUCETAS<\/a><\/li>\n \t<li><a href=\"\/Jovir\/alumbrado-publico\/#apoyos\">APOYOS PARA ILUMINACI\u00d3N<\/a><\/li>\n \t<li><a href=\"\/Jovir\/alumbrado-publico\/#cimentaciones\">CIMENTACIONES<\/a><\/li>\n \t<li><a href=\"\/Jovir\/alumbrado-publico\/#cctv\">SOPORTES PARA CCTV<\/a><\/li>\n \t<li><a href=\"\/Jovir\/alumbrado-publico\/#otros\">OTROS USOS<\/a><\/li>\n<\/ul>\n<div class=\"titletabla\" style=\"text-align: right;\" align=\"right\"><a href=\"\/Jovir\/alumbrado\/\">ATR\u00c1S &gt;<\/a><\/div>\n<div class=\"h5ab-print-button-container\"><div class=\"h5ab-print-button h5ab-print-button-right\" style=\"cursor: pointer; color: #555\"><i class=\"fa fa-print fa-lg\"><\/i>\n\t\t\t\t\t\t\t<span>Imprimir<\/span><\/div><\/div>\n<\/td>\n<\/tr>\n<\/tbody>\n<\/table><\/div>\n\t\t\t\t<\/div>\n\t\t\t\t<\/div>\n\t\t\t\t\t\t<\/div>\n\t\t\t\t\t<\/div>\n\t\t<\/div>\n\t\t\t\t\t\t\t\t<\/div>\n\t\t\t\t\t<\/div>\n\t\t<\/section>\n\t\t\t\t<section class=\"elementor-section elementor-top-section elementor-element elementor-element-zrcjcbv elementor-section-boxed elementor-section-height-default elementor-section-height-default\" data-id=\"zrcjcbv\" data-element_type=\"section\" data-settings=\"{&quot;background_background&quot;:&quot;classic&quot;}\">\n\t\t\t\t\t\t<div class=\"elementor-container elementor-column-gap-default\">\n\t\t\t\t\t\t\t<div class=\"elementor-row\">\n\t\t\t\t\t<div class=\"elementor-column elementor-col-33 elementor-top-column elementor-element elementor-element-xdgntup\" data-id=\"xdgntup\" data-element_type=\"column\">\n\t\t\t<div class=\"elementor-column-wrap elementor-element-populated\">\n\t\t\t\t\t\t\t<div class=\"elementor-widget-wrap\">\n\t\t\t\t\t\t<div class=\"elementor-element elementor-element-ftzylgk elementor-widget elementor-widget-image\" data-id=\"ftzylgk\" data-element_type=\"widget\" data-widget_type=\"image.default\">\n\t\t\t\t<div class=\"elementor-widget-container\">\n\t\t\t\t\t<div class=\"elementor-image\">\n\t\t\t\t\t\t\t\t\t\t\t<a href=\"http:\/\/www.jovir.es\/Jovir\/wp-content\/uploads\/2017\/11\/rubicon-5.jpg\">\n\t\t\t\t\t\t\t<img width=\"250\" height=\"350\" src=\"https:\/\/www.jovir.es\/Jovir\/wp-content\/uploads\/2017\/11\/rubicon-4.jpg\" class=\"elementor-animation-float attachment-full size-full\" alt=\"\" loading=\"lazy\" srcset=\"https:\/\/www.jovir.es\/Jovir\/wp-content\/uploads\/2017\/11\/rubicon-4.jpg 250w, https:\/\/www.jovir.es\/Jovir\/wp-content\/uploads\/2017\/11\/rubicon-4-214x300.jpg 214w, https:\/\/www.jovir.es\/Jovir\/wp-content\/uploads\/2017\/11\/rubicon-4-39x55.jpg 39w\" sizes=\"(max-width: 250px) 100vw, 250px\" \/>\t\t\t\t\t\t\t\t<\/a>\n\t\t\t\t\t\t\t\t\t\t\t<\/div>\n\t\t\t\t<\/div>\n\t\t\t\t<\/div>\n\t\t\t\t\t\t<\/div>\n\t\t\t\t\t<\/div>\n\t\t<\/div>\n\t\t\t\t<div class=\"elementor-column elementor-col-33 elementor-top-column elementor-element elementor-element-ndkwzxg\" data-id=\"ndkwzxg\" data-element_type=\"column\">\n\t\t\t<div class=\"elementor-column-wrap elementor-element-populated\">\n\t\t\t\t\t\t\t<div class=\"elementor-widget-wrap\">\n\t\t\t\t\t\t<div class=\"elementor-element elementor-element-kbigmmh elementor-widget elementor-widget-text-editor\" data-id=\"kbigmmh\" data-element_type=\"widget\" data-widget_type=\"text-editor.default\">\n\t\t\t\t<div class=\"elementor-widget-container\">\n\t\t\t\t\t<div class=\"elementor-text-editor elementor-clearfix\"><p><strong>COLUMNA RUBIC\u00d3N<\/strong><\/p><p><strong>FUSTE:<\/strong>\u00a0Troncoc\u00f3nico.<br \/><strong>CONICIDAD:<\/strong>\u00a012,5 \u2030<br \/><strong>SECCI\u00d3N:<\/strong>\u00a0Circular.<br \/><strong>MATERIAL:<\/strong>\u00a0Acero al carbono S 235 JR seg\u00fan UNE EN 10025.<\/p><p>Fabricaci\u00f3n conforme a norma UNE EN 40-5.<\/p><p><strong>Otro material:<\/strong> Acero con resistencia mejorada a la corrosi\u00f3n atmosf\u00e9rica (acero corten) de calidad m\u00ednima S235JR, seg\u00fan UNE EN 10025-5.<\/p><p><strong>GALVANIZADO:<\/strong>\u00a0Por inmersi\u00f3n en caliente seg\u00fan UNE EN ISO 1461.<br \/><strong>ACABADO:<\/strong>\u00a0Opcionalmente puede ir pintado seg\u00fan carta RAL.<br \/><strong>PUERTA:<\/strong>\u00a0Enrasada o saliente con marco.<br \/><strong>BASE:<\/strong>\u00a0Placa plana, anillo y cartelas de refuerzo.<br \/><strong>ALTURA:<\/strong>\u00a0Hasta 12 m.<br \/><strong>ACCESORIOS:<\/strong>\u00a0Soportes para la fijaci\u00f3n de proyectores.<\/p><\/div>\n\t\t\t\t<\/div>\n\t\t\t\t<\/div>\n\t\t\t\t\t\t<\/div>\n\t\t\t\t\t<\/div>\n\t\t<\/div>\n\t\t\t\t<div class=\"elementor-column elementor-col-33 elementor-top-column elementor-element elementor-element-djwgbgr\" data-id=\"djwgbgr\" data-element_type=\"column\">\n\t\t\t<div class=\"elementor-column-wrap elementor-element-populated\">\n\t\t\t\t\t\t\t<div class=\"elementor-widget-wrap\">\n\t\t\t\t\t\t<div class=\"elementor-element elementor-element-5xswkrg elementor-widget elementor-widget-image-gallery\" data-id=\"5xswkrg\" data-element_type=\"widget\" data-widget_type=\"image-gallery.default\">\n\t\t\t\t<div class=\"elementor-widget-container\">\n\t\t\t\t\t<div class=\"elementor-image-gallery\">\n\t\t\t<div id='gallery-1' class='gallery galleryid-2801 gallery-columns-2 gallery-size-thumbnail'><figure class='gallery-item'>\n\t\t\t<div class='gallery-icon portrait'>\n\t\t\t\t<a data-elementor-open-lightbox=\"yes\" data-elementor-lightbox-slideshow=\"5xswkrg\" data-elementor-lightbox-title=\"rubicon\" href='https:\/\/www.jovir.es\/Jovir\/wp-content\/uploads\/2017\/11\/rubicon-3.jpg'><img width=\"150\" height=\"150\" src=\"https:\/\/www.jovir.es\/Jovir\/wp-content\/uploads\/2017\/11\/rubicon-3-150x150.jpg\" class=\"attachment-thumbnail size-thumbnail\" alt=\"\" loading=\"lazy\" srcset=\"https:\/\/www.jovir.es\/Jovir\/wp-content\/uploads\/2017\/11\/rubicon-3-150x150.jpg 150w, https:\/\/www.jovir.es\/Jovir\/wp-content\/uploads\/2017\/11\/rubicon-3-280x280.jpg 280w\" sizes=\"(max-width: 150px) 100vw, 150px\" \/><\/a>\n\t\t\t<\/div><\/figure><figure class='gallery-item'>\n\t\t\t<div class='gallery-icon portrait'>\n\t\t\t\t<a data-elementor-open-lightbox=\"yes\" data-elementor-lightbox-slideshow=\"5xswkrg\" data-elementor-lightbox-title=\"Plaza de la Monta\u00f1eta. Alicante.\" href='https:\/\/www.jovir.es\/Jovir\/wp-content\/uploads\/2017\/11\/rubicon2.jpg'><img width=\"150\" height=\"150\" src=\"https:\/\/www.jovir.es\/Jovir\/wp-content\/uploads\/2017\/11\/rubicon2-150x150.jpg\" class=\"attachment-thumbnail size-thumbnail\" alt=\"\" loading=\"lazy\" srcset=\"https:\/\/www.jovir.es\/Jovir\/wp-content\/uploads\/2017\/11\/rubicon2-150x150.jpg 150w, https:\/\/www.jovir.es\/Jovir\/wp-content\/uploads\/2017\/11\/rubicon2-280x280.jpg 280w\" sizes=\"(max-width: 150px) 100vw, 150px\" \/><\/a>\n\t\t\t<\/div><\/figure>\n\t\t<\/div>\n\t\t<\/div>\n\t\t\t\t<\/div>\n\t\t\t\t<\/div>\n\t\t\t\t<div class=\"elementor-element elementor-element-bfdvgaq elementor-widget elementor-widget-image\" data-id=\"bfdvgaq\" data-element_type=\"widget\" data-widget_type=\"image.default\">\n\t\t\t\t<div class=\"elementor-widget-container\">\n\t\t\t\t\t<div class=\"elementor-image\">\n\t\t\t\t\t\t\t\t\t\t\t<a href=\"http:\/\/www.jovir.es\/Jovir\/wp-content\/uploads\/2017\/11\/rubicon-2.jpg\" data-elementor-open-lightbox=\"yes\" data-elementor-lightbox-title=\"rubicon\">\n\t\t\t\t\t\t\t<img width=\"192\" height=\"341\" src=\"https:\/\/www.jovir.es\/Jovir\/wp-content\/uploads\/2017\/11\/rubicon-2.jpg\" class=\"attachment-large size-large\" alt=\"\" loading=\"lazy\" srcset=\"https:\/\/www.jovir.es\/Jovir\/wp-content\/uploads\/2017\/11\/rubicon-2.jpg 192w, https:\/\/www.jovir.es\/Jovir\/wp-content\/uploads\/2017\/11\/rubicon-2-169x300.jpg 169w, https:\/\/www.jovir.es\/Jovir\/wp-content\/uploads\/2017\/11\/rubicon-2-31x55.jpg 31w\" sizes=\"(max-width: 192px) 100vw, 192px\" \/>\t\t\t\t\t\t\t\t<\/a>\n\t\t\t\t\t\t\t\t\t\t\t<\/div>\n\t\t\t\t<\/div>\n\t\t\t\t<\/div>\n\t\t\t\t\t\t<\/div>\n\t\t\t\t\t<\/div>\n\t\t<\/div>\n\t\t\t\t\t\t\t\t<\/div>\n\t\t\t\t\t<\/div>\n\t\t<\/section>\n\t\t\t\t<section class=\"elementor-section elementor-top-section elementor-element elementor-element-tgwxclg elementor-section-boxed elementor-section-height-default elementor-section-height-default\" data-id=\"tgwxclg\" data-element_type=\"section\">\n\t\t\t\t\t\t<div class=\"elementor-container elementor-column-gap-default\">\n\t\t\t\t\t\t\t<div class=\"elementor-row\">\n\t\t\t\t\t<div class=\"elementor-column elementor-col-50 elementor-top-column elementor-element elementor-element-rupqror\" data-id=\"rupqror\" data-element_type=\"column\">\n\t\t\t<div class=\"elementor-column-wrap elementor-element-populated\">\n\t\t\t\t\t\t\t<div class=\"elementor-widget-wrap\">\n\t\t\t\t\t\t<div class=\"elementor-element elementor-element-tyvhwla elementor-widget elementor-widget-image\" data-id=\"tyvhwla\" data-element_type=\"widget\" data-widget_type=\"image.default\">\n\t\t\t\t<div class=\"elementor-widget-container\">\n\t\t\t\t\t<div class=\"elementor-image\">\n\t\t\t\t\t\t\t<figure class=\"wp-caption\">\n\t\t\t\t\t\t\t\t\t\t\t<a href=\"http:\/\/www.jovir.es\/Jovir\/wp-content\/uploads\/2017\/11\/rubicon-1.jpg\" data-elementor-open-lightbox=\"yes\" data-elementor-lightbox-title=\"rubicon\">\n\t\t\t\t\t\t\t<img width=\"234\" height=\"300\" src=\"https:\/\/www.jovir.es\/Jovir\/wp-content\/uploads\/2017\/11\/rubicon-1-234x300.jpg\" class=\"attachment-medium size-medium\" alt=\"\" loading=\"lazy\" srcset=\"https:\/\/www.jovir.es\/Jovir\/wp-content\/uploads\/2017\/11\/rubicon-1-234x300.jpg 234w, https:\/\/www.jovir.es\/Jovir\/wp-content\/uploads\/2017\/11\/rubicon-1-43x55.jpg 43w, https:\/\/www.jovir.es\/Jovir\/wp-content\/uploads\/2017\/11\/rubicon-1.jpg 250w\" sizes=\"(max-width: 234px) 100vw, 234px\" \/>\t\t\t\t\t\t\t\t<\/a>\n\t\t\t\t\t\t\t\t\t\t\t<figcaption class=\"widget-image-caption wp-caption-text\">Detalle de Anclaje<\/figcaption>\n\t\t\t\t\t\t\t\t\t\t<\/figure>\n\t\t\t\t\t<\/div>\n\t\t\t\t<\/div>\n\t\t\t\t<\/div>\n\t\t\t\t\t\t<\/div>\n\t\t\t\t\t<\/div>\n\t\t<\/div>\n\t\t\t\t<div class=\"elementor-column elementor-col-50 elementor-top-column elementor-element elementor-element-jmozyyq\" data-id=\"jmozyyq\" data-element_type=\"column\">\n\t\t\t<div class=\"elementor-column-wrap elementor-element-populated\">\n\t\t\t\t\t\t\t<div class=\"elementor-widget-wrap\">\n\t\t\t\t\t\t<div class=\"elementor-element elementor-element-cjzhofw elementor-widget elementor-widget-text-editor\" data-id=\"cjzhofw\" data-element_type=\"widget\" data-widget_type=\"text-editor.default\">\n\t\t\t\t<div class=\"elementor-widget-container\">\n\t\t\t\t\t<div class=\"elementor-text-editor elementor-clearfix\"><div><div class=\"titletabla\">DIMENSIONES DE COLUMNAS MODELO RUBIC\u00d3N<\/div><div><p><strong>Nota:<\/strong> Dimensiones a verificar antes de fabricaci\u00f3n.\u00a0<\/p><\/div><div>\n<table id=\"tablepress-110\" class=\"tablepress tablepress-id-110\">\n<thead>\n<tr class=\"row-1 odd\">\n\t<th class=\"column-1\">MODELO<\/th><th class=\"column-2\">H<br \/>\n(m)<\/th><th class=\"column-3\">D<br \/>\n(mm)<\/th><th class=\"column-4\">E<br \/>\n(mm)<\/th><th class=\"column-5\">f<br \/>\n(mm)<\/th><th class=\"column-6\">g<br \/>\n(mm)<\/th><th class=\"column-7\">Pernos<br \/>\n\u00d8 y L<\/th>\n<\/tr>\n<\/thead>\n<tbody class=\"row-hover\">\n<tr class=\"row-2 even\">\n\t<td class=\"column-1\">RUBIC\u00d3N<\/td><td class=\"column-2\">5<\/td><td class=\"column-3\">60<\/td><td class=\"column-4\">3<\/td><td class=\"column-5\">285<\/td><td class=\"column-6\">400<\/td><td class=\"column-7\">M-22&#215;700<\/td>\n<\/tr>\n<tr class=\"row-3 odd\">\n\t<td class=\"column-1\">RUBIC\u00d3N<\/td><td class=\"column-2\">6<\/td><td class=\"column-3\">60<\/td><td class=\"column-4\">4<\/td><td class=\"column-5\">285<\/td><td class=\"column-6\">400<\/td><td class=\"column-7\">M-22&#215;700<\/td>\n<\/tr>\n<tr class=\"row-4 even\">\n\t<td class=\"column-1\">RUBIC\u00d3N<\/td><td class=\"column-2\">7<\/td><td class=\"column-3\">76<\/td><td class=\"column-4\">4<\/td><td class=\"column-5\">285<\/td><td class=\"column-6\">400<\/td><td class=\"column-7\">M-22&#215;700<\/td>\n<\/tr>\n<tr class=\"row-5 odd\">\n\t<td class=\"column-1\">RUBIC\u00d3N<\/td><td class=\"column-2\">8<\/td><td class=\"column-3\">76<\/td><td class=\"column-4\">4<\/td><td class=\"column-5\">285<\/td><td class=\"column-6\">400<\/td><td class=\"column-7\">M-22&#215;700<\/td>\n<\/tr>\n<tr class=\"row-6 even\">\n\t<td class=\"column-1\">RUBIC\u00d3N<\/td><td class=\"column-2\">9<\/td><td class=\"column-3\">76<\/td><td class=\"column-4\">4<\/td><td class=\"column-5\">285<\/td><td class=\"column-6\">400<\/td><td class=\"column-7\">M-22&#215;700<\/td>\n<\/tr>\n<tr class=\"row-7 odd\">\n\t<td class=\"column-1\">RUBIC\u00d3N<\/td><td class=\"column-2\">10<\/td><td class=\"column-3\">76<\/td><td class=\"column-4\">4<\/td><td class=\"column-5\">285<\/td><td class=\"column-6\">400<\/td><td class=\"column-7\">M-22&#215;700<\/td>\n<\/tr>\n<tr class=\"row-8 even\">\n\t<td class=\"column-1\">RUBIC\u00d3N<\/td><td class=\"column-2\">12<\/td><td class=\"column-3\">88<\/td><td class=\"column-4\">4<\/td><td class=\"column-5\">350<\/td><td class=\"column-6\">500<\/td><td class=\"column-7\">M-24&#215;700<\/td>\n<\/tr>\n<\/tbody>\n<\/table>\n<!-- #tablepress-110 from cache --><\/div><\/div><\/div>\n\t\t\t\t<\/div>\n\t\t\t\t<\/div>\n\t\t\t\t\t\t<\/div>\n\t\t\t\t\t<\/div>\n\t\t<\/div>\n\t\t\t\t\t\t\t\t<\/div>\n\t\t\t\t\t<\/div>\n\t\t<\/section>\n\t\t\t\t\t\t<\/div>\n\t\t\t\t\t\t<\/div>\n\t\t\t\t\t<\/div>\n\t\t","protected":false},"excerpt":{"rendered":"<p>ALUMBRADO P\u00daBLICO B\u00c1CULOS Y COLUMNAS COLUMNAS DECORATIVAS SEM\u00c1FOROS CRUCETAS APOYOS PARA ILUMINACI\u00d3N CIMENTACIONES SOPORTES PARA CCTV OTROS USOS ATR\u00c1S &gt; COLUMNA RUBIC\u00d3N FUSTE:\u00a0Troncoc\u00f3nico.CONICIDAD:\u00a012,5 \u2030SECCI\u00d3N:\u00a0Circular.MATERIAL:\u00a0Acero al carbono S 235 JR seg\u00fan UNE EN 10025. Fabricaci\u00f3n conforme a norma UNE EN 40-5. Otro material: Acero con resistencia mejorada a la corrosi\u00f3n atmosf\u00e9rica [&hellip;]<\/p>\n","protected":false},"author":1,"featured_media":0,"parent":0,"menu_order":0,"comment_status":"closed","ping_status":"closed","template":"","meta":[],"_links":{"self":[{"href":"https:\/\/www.jovir.es\/Jovir\/wp-json\/wp\/v2\/pages\/2801"}],"collection":[{"href":"https:\/\/www.jovir.es\/Jovir\/wp-json\/wp\/v2\/pages"}],"about":[{"href":"https:\/\/www.jovir.es\/Jovir\/wp-json\/wp\/v2\/types\/page"}],"author":[{"embeddable":true,"href":"https:\/\/www.jovir.es\/Jovir\/wp-json\/wp\/v2\/users\/1"}],"replies":[{"embeddable":true,"href":"https:\/\/www.jovir.es\/Jovir\/wp-json\/wp\/v2\/comments?post=2801"}],"version-history":[{"count":12,"href":"https:\/\/www.jovir.es\/Jovir\/wp-json\/wp\/v2\/pages\/2801\/revisions"}],"predecessor-version":[{"id":8624,"href":"https:\/\/www.jovir.es\/Jovir\/wp-json\/wp\/v2\/pages\/2801\/revisions\/8624"}],"wp:attachment":[{"href":"https:\/\/www.jovir.es\/Jovir\/wp-json\/wp\/v2\/media?parent=2801"}],"curies":[{"name":"wp","href":"https:\/\/api.w.org\/{rel}","templated":true}]}}