{"id":2724,"date":"2017-11-08T09:38:00","date_gmt":"2017-11-08T09:38:00","guid":{"rendered":"http:\/\/www.jovir.es\/Jovir\/?page_id=2724"},"modified":"2018-12-14T12:33:15","modified_gmt":"2018-12-14T12:33:15","slug":"ottawa-2","status":"publish","type":"page","link":"https:\/\/www.jovir.es\/Jovir\/ottawa-2\/","title":{"rendered":"Modelo Ottawa"},"content":{"rendered":"\t\t<div data-elementor-type=\"wp-post\" data-elementor-id=\"2724\" class=\"elementor elementor-2724 elementor-bc-flex-widget\" data-elementor-settings=\"[]\">\n\t\t\t\t\t\t<div class=\"elementor-inner\">\n\t\t\t\t\t\t\t<div class=\"elementor-section-wrap\">\n\t\t\t\t\t\t\t<section class=\"elementor-section elementor-top-section elementor-element elementor-element-qrwqbbd elementor-section-boxed elementor-section-height-default elementor-section-height-default\" data-id=\"qrwqbbd\" data-element_type=\"section\">\n\t\t\t\t\t\t<div class=\"elementor-container elementor-column-gap-default\">\n\t\t\t\t\t\t\t<div class=\"elementor-row\">\n\t\t\t\t\t<div class=\"elementor-column elementor-col-100 elementor-top-column elementor-element elementor-element-wkiamqo\" data-id=\"wkiamqo\" data-element_type=\"column\">\n\t\t\t<div class=\"elementor-column-wrap elementor-element-populated\">\n\t\t\t\t\t\t\t<div class=\"elementor-widget-wrap\">\n\t\t\t\t\t\t<div class=\"elementor-element elementor-element-vnjbteu elementor-widget elementor-widget-text-editor\" data-id=\"vnjbteu\" data-element_type=\"widget\" data-widget_type=\"text-editor.default\">\n\t\t\t\t<div class=\"elementor-widget-container\">\n\t\t\t\t\t<div class=\"elementor-text-editor elementor-clearfix\"><div id=\"titulo\"><div id=\"titulo\u00a0\">\n\nALUMBRADO P\u00daBLICO\n\n<\/div><\/div>\n<table id=\"submenu\" border=\"0\" width=\"100%\" cellspacing=\"0\" cellpadding=\"10\" align=\"center\">\n<tbody>\n<tr align=\"center\">\n<td>\n<ul id=\"MenuBar1\" class=\"MenuBarHorizontal2\">\n \t<li><a href=\"\/Jovir\/alumbrado-publico\/#baculos\">B\u00c1CULOS Y COLUMNAS<\/a><\/li>\n \t<li><a href=\"\/Jovir\/alumbrado-publico\/#alumbrado\">COLUMNAS DECORATIVAS<\/a><\/li>\n \t<li><a href=\"\/Jovir\/alumbrado-publico\/#semaforico\">SEM\u00c1FOROS<\/a><\/li>\n \t<li><a href=\"\/Jovir\/alumbrado-publico\/#crucetas\">CRUCETAS<\/a><\/li>\n \t<li><a href=\"\/Jovir\/alumbrado-publico\/#apoyos\">APOYOS PARA ILUMINACI\u00d3N<\/a><\/li>\n \t<li><a href=\"\/Jovir\/alumbrado-publico\/#cimentaciones\">CIMENTACIONES<\/a><\/li>\n \t<li><a href=\"\/Jovir\/alumbrado-publico\/#cctv\">SOPORTES PARA CCTV<\/a><\/li>\n \t<li><a href=\"\/Jovir\/alumbrado-publico\/#otros\">OTROS USOS<\/a><\/li>\n<\/ul>\n<div class=\"titletabla\" style=\"text-align: right;\" align=\"right\"><a href=\"\/Jovir\/alumbrado\/\">ATR\u00c1S &gt;<\/a><\/div>\n<div class=\"h5ab-print-button-container\"><div class=\"h5ab-print-button h5ab-print-button-right\" style=\"cursor: pointer; color: #555\"><i class=\"fa fa-print fa-lg\"><\/i>\n\t\t\t\t\t\t\t<span>Imprimir<\/span><\/div><\/div>\n<\/td>\n<\/tr>\n<\/tbody>\n<\/table><\/div>\n\t\t\t\t<\/div>\n\t\t\t\t<\/div>\n\t\t\t\t\t\t<\/div>\n\t\t\t\t\t<\/div>\n\t\t<\/div>\n\t\t\t\t\t\t\t\t<\/div>\n\t\t\t\t\t<\/div>\n\t\t<\/section>\n\t\t\t\t<section class=\"elementor-section elementor-top-section elementor-element elementor-element-tkzfetw elementor-section-boxed elementor-section-height-default elementor-section-height-default\" data-id=\"tkzfetw\" data-element_type=\"section\" data-settings=\"{&quot;background_background&quot;:&quot;classic&quot;}\">\n\t\t\t\t\t\t<div class=\"elementor-container elementor-column-gap-default\">\n\t\t\t\t\t\t\t<div class=\"elementor-row\">\n\t\t\t\t\t<div class=\"elementor-column elementor-col-33 elementor-top-column elementor-element elementor-element-acswpkx\" data-id=\"acswpkx\" data-element_type=\"column\">\n\t\t\t<div class=\"elementor-column-wrap elementor-element-populated\">\n\t\t\t\t\t\t\t<div class=\"elementor-widget-wrap\">\n\t\t\t\t\t\t<div class=\"elementor-element elementor-element-bbpjhkg elementor-widget elementor-widget-image\" data-id=\"bbpjhkg\" data-element_type=\"widget\" data-widget_type=\"image.default\">\n\t\t\t\t<div class=\"elementor-widget-container\">\n\t\t\t\t\t<div class=\"elementor-image\">\n\t\t\t\t\t\t\t\t\t\t\t<a href=\"http:\/\/www.jovir.es\/Jovir\/wp-content\/uploads\/2017\/11\/ottawa1.jpg\">\n\t\t\t\t\t\t\t<img width=\"250\" height=\"350\" src=\"https:\/\/www.jovir.es\/Jovir\/wp-content\/uploads\/2017\/11\/ottawa1-1.jpg\" class=\"elementor-animation-float attachment-full size-full\" alt=\"\" loading=\"lazy\" srcset=\"https:\/\/www.jovir.es\/Jovir\/wp-content\/uploads\/2017\/11\/ottawa1-1.jpg 250w, https:\/\/www.jovir.es\/Jovir\/wp-content\/uploads\/2017\/11\/ottawa1-1-214x300.jpg 214w, https:\/\/www.jovir.es\/Jovir\/wp-content\/uploads\/2017\/11\/ottawa1-1-39x55.jpg 39w\" sizes=\"(max-width: 250px) 100vw, 250px\" \/>\t\t\t\t\t\t\t\t<\/a>\n\t\t\t\t\t\t\t\t\t\t\t<\/div>\n\t\t\t\t<\/div>\n\t\t\t\t<\/div>\n\t\t\t\t\t\t<\/div>\n\t\t\t\t\t<\/div>\n\t\t<\/div>\n\t\t\t\t<div class=\"elementor-column elementor-col-33 elementor-top-column elementor-element elementor-element-qvwkpba\" data-id=\"qvwkpba\" data-element_type=\"column\">\n\t\t\t<div class=\"elementor-column-wrap elementor-element-populated\">\n\t\t\t\t\t\t\t<div class=\"elementor-widget-wrap\">\n\t\t\t\t\t\t<div class=\"elementor-element elementor-element-gtjwglr elementor-widget elementor-widget-text-editor\" data-id=\"gtjwglr\" data-element_type=\"widget\" data-widget_type=\"text-editor.default\">\n\t\t\t\t<div class=\"elementor-widget-container\">\n\t\t\t\t\t<div class=\"elementor-text-editor elementor-clearfix\"><p><strong>COLUMNA<\/strong><\/p><p><strong>FUSTE:<\/strong>\u00a0Troncoc\u00f3nico.<br \/><strong>CINICIDAD:<\/strong>\u00a012,5 \u2030<br \/><strong>SECCI\u00d3N:<\/strong>\u00a0Circular.<br \/><strong>MATERIAL:<\/strong>\u00a0Acero al carbono S 235 JR seg\u00fan UNE EN 10025.<\/p><p>Fabricaci\u00f3n conforme a norma UNE EN 40-5.<\/p><p><strong>GALVANIZADO:<\/strong>\u00a0Por inmersi\u00f3n en caliente seg\u00fan UNE EN ISO 1461.<br \/><strong>ACABADO:<\/strong>\u00a0Opcionalmente puede ir pintado seg\u00fan carta RAL.<br \/><strong>PUERTA:<\/strong>\u00a0Enrasada.<br \/><strong>BASE:<\/strong>\u00a0Placa plana, anillo y cartelas de refuerzo.<br \/><strong>ALTURA:<\/strong>\u00a0Hasta 12 m.<\/p><\/div>\n\t\t\t\t<\/div>\n\t\t\t\t<\/div>\n\t\t\t\t\t\t<\/div>\n\t\t\t\t\t<\/div>\n\t\t<\/div>\n\t\t\t\t<div class=\"elementor-column elementor-col-33 elementor-top-column elementor-element elementor-element-wgbtxzv\" data-id=\"wgbtxzv\" data-element_type=\"column\">\n\t\t\t<div class=\"elementor-column-wrap elementor-element-populated\">\n\t\t\t\t\t\t\t<div class=\"elementor-widget-wrap\">\n\t\t\t\t\t\t<div class=\"elementor-element elementor-element-uneoxrv elementor-widget elementor-widget-image\" data-id=\"uneoxrv\" data-element_type=\"widget\" data-widget_type=\"image.default\">\n\t\t\t\t<div class=\"elementor-widget-container\">\n\t\t\t\t\t<div class=\"elementor-image\">\n\t\t\t\t\t\t\t\t\t\t\t<a href=\"http:\/\/www.jovir.es\/Jovir\/wp-content\/uploads\/2017\/11\/ottawa-1.jpg\">\n\t\t\t\t\t\t\t<img width=\"230\" height=\"350\" src=\"https:\/\/www.jovir.es\/Jovir\/wp-content\/uploads\/2017\/11\/ottawath.jpg\" class=\"attachment-large size-large\" alt=\"\" loading=\"lazy\" srcset=\"https:\/\/www.jovir.es\/Jovir\/wp-content\/uploads\/2017\/11\/ottawath.jpg 230w, https:\/\/www.jovir.es\/Jovir\/wp-content\/uploads\/2017\/11\/ottawath-197x300.jpg 197w, https:\/\/www.jovir.es\/Jovir\/wp-content\/uploads\/2017\/11\/ottawath-36x55.jpg 36w\" sizes=\"(max-width: 230px) 100vw, 230px\" \/>\t\t\t\t\t\t\t\t<\/a>\n\t\t\t\t\t\t\t\t\t\t\t<\/div>\n\t\t\t\t<\/div>\n\t\t\t\t<\/div>\n\t\t\t\t\t\t<\/div>\n\t\t\t\t\t<\/div>\n\t\t<\/div>\n\t\t\t\t\t\t\t\t<\/div>\n\t\t\t\t\t<\/div>\n\t\t<\/section>\n\t\t\t\t<section class=\"elementor-section elementor-top-section elementor-element elementor-element-doauvrj elementor-section-boxed elementor-section-height-default elementor-section-height-default\" data-id=\"doauvrj\" data-element_type=\"section\">\n\t\t\t\t\t\t<div class=\"elementor-container elementor-column-gap-default\">\n\t\t\t\t\t\t\t<div class=\"elementor-row\">\n\t\t\t\t\t<div class=\"elementor-column elementor-col-50 elementor-top-column elementor-element elementor-element-aapbhud\" data-id=\"aapbhud\" data-element_type=\"column\">\n\t\t\t<div class=\"elementor-column-wrap elementor-element-populated\">\n\t\t\t\t\t\t\t<div class=\"elementor-widget-wrap\">\n\t\t\t\t\t\t<div class=\"elementor-element elementor-element-xgnmlsb elementor-widget elementor-widget-image\" data-id=\"xgnmlsb\" data-element_type=\"widget\" data-widget_type=\"image.default\">\n\t\t\t\t<div class=\"elementor-widget-container\">\n\t\t\t\t\t<div class=\"elementor-image\">\n\t\t\t\t\t\t\t<figure class=\"wp-caption\">\n\t\t\t\t\t\t\t\t\t\t\t<a href=\"http:\/\/www.jovir.es\/Jovir\/wp-content\/uploads\/2017\/11\/ottawaa-2.jpg\" data-elementor-open-lightbox=\"yes\" data-elementor-lightbox-title=\"ottawaa-2\">\n\t\t\t\t\t\t\t<img width=\"234\" height=\"300\" src=\"https:\/\/www.jovir.es\/Jovir\/wp-content\/uploads\/2017\/11\/ottawaa-2-234x300.jpg\" class=\"attachment-medium size-medium\" alt=\"\" loading=\"lazy\" srcset=\"https:\/\/www.jovir.es\/Jovir\/wp-content\/uploads\/2017\/11\/ottawaa-2-234x300.jpg 234w, https:\/\/www.jovir.es\/Jovir\/wp-content\/uploads\/2017\/11\/ottawaa-2-43x55.jpg 43w, https:\/\/www.jovir.es\/Jovir\/wp-content\/uploads\/2017\/11\/ottawaa-2.jpg 250w\" sizes=\"(max-width: 234px) 100vw, 234px\" \/>\t\t\t\t\t\t\t\t<\/a>\n\t\t\t\t\t\t\t\t\t\t\t<figcaption class=\"widget-image-caption wp-caption-text\">Detalle de Anclaje<\/figcaption>\n\t\t\t\t\t\t\t\t\t\t<\/figure>\n\t\t\t\t\t<\/div>\n\t\t\t\t<\/div>\n\t\t\t\t<\/div>\n\t\t\t\t\t\t<\/div>\n\t\t\t\t\t<\/div>\n\t\t<\/div>\n\t\t\t\t<div class=\"elementor-column elementor-col-50 elementor-top-column elementor-element elementor-element-dyzcbls\" data-id=\"dyzcbls\" data-element_type=\"column\">\n\t\t\t<div class=\"elementor-column-wrap elementor-element-populated\">\n\t\t\t\t\t\t\t<div class=\"elementor-widget-wrap\">\n\t\t\t\t\t\t<div class=\"elementor-element elementor-element-quospsb elementor-widget elementor-widget-text-editor\" data-id=\"quospsb\" data-element_type=\"widget\" data-widget_type=\"text-editor.default\">\n\t\t\t\t<div class=\"elementor-widget-container\">\n\t\t\t\t\t<div class=\"elementor-text-editor elementor-clearfix\"><div><div class=\"titletabla\">DIMENSIONES DE COLUMNAS MODELO OTTAWA<\/div><div><p><strong>Nota:<\/strong> Dimensiones a verificar antes de fabricaci\u00f3n.\u00a0<\/p><\/div><div>\n<table id=\"tablepress-105\" class=\"tablepress tablepress-id-105\">\n<thead>\n<tr class=\"row-1 odd\">\n\t<th class=\"column-1\">MODELO<\/th><th class=\"column-2\">H<br \/>\n(m)<\/th><th class=\"column-3\">D<br \/>\n(mm)<\/th><th class=\"column-4\">E<br \/>\n(mm)<\/th><th class=\"column-5\">e<br \/>\n(mm)<\/th><th class=\"column-6\">f<br \/>\n(mm)<\/th><th class=\"column-7\">g<br \/>\n(mm)<\/th><th class=\"column-8\">Pernos<br \/>\n\u00d8 y L<\/th>\n<\/tr>\n<\/thead>\n<tbody class=\"row-hover\">\n<tr class=\"row-2 even\">\n\t<td class=\"column-1\">OTTAWA<\/td><td class=\"column-2\">8<\/td><td class=\"column-3\">60<\/td><td class=\"column-4\">4<\/td><td class=\"column-5\">10<\/td><td class=\"column-6\">285<\/td><td class=\"column-7\">400<\/td><td class=\"column-8\">M-18&#215;500<\/td>\n<\/tr>\n<tr class=\"row-3 odd\">\n\t<td class=\"column-1\">OTTAWA<\/td><td class=\"column-2\">9<\/td><td class=\"column-3\">60<\/td><td class=\"column-4\">4<\/td><td class=\"column-5\">10<\/td><td class=\"column-6\">285<\/td><td class=\"column-7\">400<\/td><td class=\"column-8\">M-18&#215;500<\/td>\n<\/tr>\n<tr class=\"row-4 even\">\n\t<td class=\"column-1\">OTTAWA<\/td><td class=\"column-2\">10<\/td><td class=\"column-3\">60<\/td><td class=\"column-4\">4<\/td><td class=\"column-5\">10<\/td><td class=\"column-6\">285<\/td><td class=\"column-7\">400<\/td><td class=\"column-8\">M-20&#215;700<\/td>\n<\/tr>\n<tr class=\"row-5 odd\">\n\t<td class=\"column-1\">OTTAWA<\/td><td class=\"column-2\">12<\/td><td class=\"column-3\">60<\/td><td class=\"column-4\">4<\/td><td class=\"column-5\">10<\/td><td class=\"column-6\">285<\/td><td class=\"column-7\">400<\/td><td class=\"column-8\">M-22&#215;700<\/td>\n<\/tr>\n<\/tbody>\n<\/table>\n<!-- #tablepress-105 from cache --><\/div><\/div><\/div>\n\t\t\t\t<\/div>\n\t\t\t\t<\/div>\n\t\t\t\t\t\t<\/div>\n\t\t\t\t\t<\/div>\n\t\t<\/div>\n\t\t\t\t\t\t\t\t<\/div>\n\t\t\t\t\t<\/div>\n\t\t<\/section>\n\t\t\t\t\t\t<\/div>\n\t\t\t\t\t\t<\/div>\n\t\t\t\t\t<\/div>\n\t\t","protected":false},"excerpt":{"rendered":"<p>ALUMBRADO P\u00daBLICO B\u00c1CULOS Y COLUMNAS COLUMNAS DECORATIVAS SEM\u00c1FOROS CRUCETAS APOYOS PARA ILUMINACI\u00d3N CIMENTACIONES SOPORTES PARA CCTV OTROS USOS ATR\u00c1S &gt; COLUMNA FUSTE:\u00a0Troncoc\u00f3nico.CINICIDAD:\u00a012,5 \u2030SECCI\u00d3N:\u00a0Circular.MATERIAL:\u00a0Acero al carbono S 235 JR seg\u00fan UNE EN 10025. Fabricaci\u00f3n conforme a norma UNE EN 40-5. GALVANIZADO:\u00a0Por inmersi\u00f3n en caliente seg\u00fan UNE EN ISO 1461.ACABADO:\u00a0Opcionalmente puede ir [&hellip;]<\/p>\n","protected":false},"author":1,"featured_media":0,"parent":0,"menu_order":0,"comment_status":"closed","ping_status":"closed","template":"","meta":[],"_links":{"self":[{"href":"https:\/\/www.jovir.es\/Jovir\/wp-json\/wp\/v2\/pages\/2724"}],"collection":[{"href":"https:\/\/www.jovir.es\/Jovir\/wp-json\/wp\/v2\/pages"}],"about":[{"href":"https:\/\/www.jovir.es\/Jovir\/wp-json\/wp\/v2\/types\/page"}],"author":[{"embeddable":true,"href":"https:\/\/www.jovir.es\/Jovir\/wp-json\/wp\/v2\/users\/1"}],"replies":[{"embeddable":true,"href":"https:\/\/www.jovir.es\/Jovir\/wp-json\/wp\/v2\/comments?post=2724"}],"version-history":[{"count":9,"href":"https:\/\/www.jovir.es\/Jovir\/wp-json\/wp\/v2\/pages\/2724\/revisions"}],"predecessor-version":[{"id":8593,"href":"https:\/\/www.jovir.es\/Jovir\/wp-json\/wp\/v2\/pages\/2724\/revisions\/8593"}],"wp:attachment":[{"href":"https:\/\/www.jovir.es\/Jovir\/wp-json\/wp\/v2\/media?parent=2724"}],"curies":[{"name":"wp","href":"https:\/\/api.w.org\/{rel}","templated":true}]}}