{"id":2128,"date":"2017-11-03T12:15:17","date_gmt":"2017-11-03T12:15:17","guid":{"rendered":"http:\/\/www.jovir.es\/Jovir\/?page_id=2128"},"modified":"2018-11-29T13:29:28","modified_gmt":"2018-11-29T13:29:28","slug":"amarillo-2","status":"publish","type":"page","link":"https:\/\/www.jovir.es\/Jovir\/amarillo-2\/","title":{"rendered":"MODELO AMARILLO"},"content":{"rendered":"\t\t<div data-elementor-type=\"wp-post\" data-elementor-id=\"2128\" class=\"elementor elementor-2128 elementor-bc-flex-widget\" data-elementor-settings=\"[]\">\n\t\t\t\t\t\t<div class=\"elementor-inner\">\n\t\t\t\t\t\t\t<div class=\"elementor-section-wrap\">\n\t\t\t\t\t\t\t<section class=\"elementor-section elementor-top-section elementor-element elementor-element-nqtoswa elementor-section-boxed elementor-section-height-default elementor-section-height-default\" data-id=\"nqtoswa\" data-element_type=\"section\">\n\t\t\t\t\t\t<div class=\"elementor-container elementor-column-gap-default\">\n\t\t\t\t\t\t\t<div class=\"elementor-row\">\n\t\t\t\t\t<div class=\"elementor-column elementor-col-100 elementor-top-column elementor-element elementor-element-eqfcxwg\" data-id=\"eqfcxwg\" data-element_type=\"column\">\n\t\t\t<div class=\"elementor-column-wrap elementor-element-populated\">\n\t\t\t\t\t\t\t<div class=\"elementor-widget-wrap\">\n\t\t\t\t\t\t<div class=\"elementor-element elementor-element-tfybita elementor-widget elementor-widget-text-editor\" data-id=\"tfybita\" data-element_type=\"widget\" data-widget_type=\"text-editor.default\">\n\t\t\t\t<div class=\"elementor-widget-container\">\n\t\t\t\t\t<div class=\"elementor-text-editor elementor-clearfix\"><div id=\"titulo\">\n<div id=\"titulo\u00a0\">\n\nALUMBRADO P\u00daBLICO\n\n<\/div>\n<\/div>\n<table id=\"submenu\" border=\"0\" width=\"100%\" cellspacing=\"0\" cellpadding=\"10\" align=\"center\">\n<tbody>\n<tr align=\"center\">\n<td>\n<ul id=\"MenuBar1\" class=\"MenuBarHorizontal2\">\n \t<li><a href=\"\/Jovir\/alumbrado-publico\/#baculos\">B\u00c1CULOS Y COLUMNAS<\/a><\/li>\n \t<li><a href=\"\/Jovir\/alumbrado-publico\/#alumbrado\">COLUMNAS DECORATIVAS<\/a><\/li>\n \t<li><a href=\"\/Jovir\/alumbrado-publico\/#semaforico\">SEM\u00c1FOROS<\/a><\/li>\n \t<li><a href=\"\/Jovir\/alumbrado-publico\/#crucetas\">CRUCETAS<\/a><\/li>\n \t<li><a href=\"\/Jovir\/alumbrado-publico\/#apoyos\">APOYOS PARA ILUMINACI\u00d3N<\/a><\/li>\n \t<li><a href=\"\/Jovir\/alumbrado-publico\/#cimentaciones\">CIMENTACIONES<\/a><\/li>\n \t<li><a href=\"\/Jovir\/alumbrado-publico\/#cctv\">SOPORTES PARA CCTV<\/a><\/li>\n \t<li><a href=\"\/Jovir\/alumbrado-publico\/#otros\">OTROS USOS<\/a><\/li>\n<\/ul>\n<div class=\"titletabla\" style=\"text-align: right;\" align=\"right\"><a href=\"\/Jovir\/alumbrado\/\">ATR\u00c1S &gt;<\/a><\/div>\n<div class=\"h5ab-print-button-container\"><div class=\"h5ab-print-button h5ab-print-button-right\" style=\"cursor: pointer; color: #555\"><i class=\"fa fa-print fa-lg\"><\/i>\n\t\t\t\t\t\t\t<span>Imprimir<\/span><\/div><\/div><\/td>\n<\/tr>\n<\/tbody>\n<\/table><\/div>\n\t\t\t\t<\/div>\n\t\t\t\t<\/div>\n\t\t\t\t\t\t<\/div>\n\t\t\t\t\t<\/div>\n\t\t<\/div>\n\t\t\t\t\t\t\t\t<\/div>\n\t\t\t\t\t<\/div>\n\t\t<\/section>\n\t\t\t\t<section class=\"elementor-section elementor-top-section elementor-element elementor-element-talvzej elementor-section-boxed elementor-section-height-default elementor-section-height-default\" data-id=\"talvzej\" data-element_type=\"section\" data-settings=\"{&quot;background_background&quot;:&quot;classic&quot;}\">\n\t\t\t\t\t\t<div class=\"elementor-container elementor-column-gap-default\">\n\t\t\t\t\t\t\t<div class=\"elementor-row\">\n\t\t\t\t\t<div class=\"elementor-column elementor-col-33 elementor-top-column elementor-element elementor-element-yvgzcjl\" data-id=\"yvgzcjl\" data-element_type=\"column\">\n\t\t\t<div class=\"elementor-column-wrap elementor-element-populated\">\n\t\t\t\t\t\t\t<div class=\"elementor-widget-wrap\">\n\t\t\t\t\t\t<div class=\"elementor-element elementor-element-ofhxcdd elementor-widget elementor-widget-image\" data-id=\"ofhxcdd\" data-element_type=\"widget\" data-widget_type=\"image.default\">\n\t\t\t\t<div class=\"elementor-widget-container\">\n\t\t\t\t\t<div class=\"elementor-image\">\n\t\t\t\t\t\t\t\t\t\t\t<a href=\"http:\/\/www.jovir.es\/Jovir\/wp-content\/uploads\/2017\/11\/amarillo1-2.jpg\">\n\t\t\t\t\t\t\t<img width=\"290\" height=\"390\" src=\"https:\/\/www.jovir.es\/Jovir\/wp-content\/uploads\/2017\/11\/amarillo1-1.jpg\" class=\"elementor-animation-float attachment-full size-full\" alt=\"\" loading=\"lazy\" srcset=\"https:\/\/www.jovir.es\/Jovir\/wp-content\/uploads\/2017\/11\/amarillo1-1.jpg 290w, https:\/\/www.jovir.es\/Jovir\/wp-content\/uploads\/2017\/11\/amarillo1-1-223x300.jpg 223w, https:\/\/www.jovir.es\/Jovir\/wp-content\/uploads\/2017\/11\/amarillo1-1-41x55.jpg 41w\" sizes=\"(max-width: 290px) 100vw, 290px\" \/>\t\t\t\t\t\t\t\t<\/a>\n\t\t\t\t\t\t\t\t\t\t\t<\/div>\n\t\t\t\t<\/div>\n\t\t\t\t<\/div>\n\t\t\t\t\t\t<\/div>\n\t\t\t\t\t<\/div>\n\t\t<\/div>\n\t\t\t\t<div class=\"elementor-column elementor-col-33 elementor-top-column elementor-element elementor-element-bfxjsvn\" data-id=\"bfxjsvn\" data-element_type=\"column\">\n\t\t\t<div class=\"elementor-column-wrap elementor-element-populated\">\n\t\t\t\t\t\t\t<div class=\"elementor-widget-wrap\">\n\t\t\t\t\t\t<div class=\"elementor-element elementor-element-folyjim elementor-widget elementor-widget-text-editor\" data-id=\"folyjim\" data-element_type=\"widget\" data-widget_type=\"text-editor.default\">\n\t\t\t\t<div class=\"elementor-widget-container\">\n\t\t\t\t\t<div class=\"elementor-text-editor elementor-clearfix\"><p><strong>COLUMNA<\/strong><\/p><p><strong>FUSTE:<\/strong>\u00a0Telesc\u00f3pica cil\u00edndrica.<br \/><strong>SECCI\u00d3N:<\/strong>\u00a0Circular.<br \/><strong>MATERIAL:<\/strong>\u00a0Acero al carbono S 235 JR y\/o S 275 JR seg\u00fan UNE EN 10025.<\/p><p>Fabricaci\u00f3n conforme a norma UNE EN 40-5.<\/p><p><strong>Otro material:<\/strong>\u00a0Acero inoxidable austen\u00edtico grado 1.4404 (AISI316L) pulido seg\u00fan UNE-EN 10088-2.<\/p><p><strong>GALVANIZADO:<\/strong>\u00a0Por inmersi\u00f3n en caliente seg\u00fan UNE EN ISO 1461.<\/p><p><strong>ACABADO:<\/strong>\u00a0Opcionalmente puede ir pintado seg\u00fan carta RAL.\u00a0<br \/><strong>PUERTA:<\/strong>\u00a0Enrasada. Opci\u00f3n AM-10.<br \/><strong>BASE:<\/strong>\u00a0Placa plana o placa embutida.<br \/><strong>ALTURA:<\/strong>\u00a0Hasta 8 m.<br \/><strong>ACCESORIOS:<\/strong>\u00a0Anillo embellecedor de acero en base.<\/p><\/div>\n\t\t\t\t<\/div>\n\t\t\t\t<\/div>\n\t\t\t\t\t\t<\/div>\n\t\t\t\t\t<\/div>\n\t\t<\/div>\n\t\t\t\t<div class=\"elementor-column elementor-col-33 elementor-top-column elementor-element elementor-element-yhtipsc\" data-id=\"yhtipsc\" data-element_type=\"column\">\n\t\t\t<div class=\"elementor-column-wrap elementor-element-populated\">\n\t\t\t\t\t\t\t<div class=\"elementor-widget-wrap\">\n\t\t\t\t\t\t<div class=\"elementor-element elementor-element-bxlqajf elementor-widget elementor-widget-image-gallery\" data-id=\"bxlqajf\" data-element_type=\"widget\" data-widget_type=\"image-gallery.default\">\n\t\t\t\t<div class=\"elementor-widget-container\">\n\t\t\t\t\t<div class=\"elementor-image-gallery\">\n\t\t\t<div id='gallery-1' class='gallery galleryid-2128 gallery-columns-2 gallery-size-thumbnail'><figure class='gallery-item'>\n\t\t\t<div class='gallery-icon landscape'>\n\t\t\t\t<a data-elementor-open-lightbox=\"yes\" data-elementor-lightbox-slideshow=\"bxlqajf\" data-elementor-lightbox-title=\"amarilloa\" href='https:\/\/www.jovir.es\/Jovir\/wp-content\/uploads\/2017\/11\/amarilloa.jpg'><img width=\"150\" height=\"150\" src=\"https:\/\/www.jovir.es\/Jovir\/wp-content\/uploads\/2017\/11\/amarilloa-150x150.jpg\" class=\"attachment-thumbnail size-thumbnail\" alt=\"\" loading=\"lazy\" srcset=\"https:\/\/www.jovir.es\/Jovir\/wp-content\/uploads\/2017\/11\/amarilloa-150x150.jpg 150w, https:\/\/www.jovir.es\/Jovir\/wp-content\/uploads\/2017\/11\/amarilloa-280x280.jpg 280w\" sizes=\"(max-width: 150px) 100vw, 150px\" \/><\/a>\n\t\t\t<\/div><\/figure><figure class='gallery-item'>\n\t\t\t<div class='gallery-icon portrait'>\n\t\t\t\t<a data-elementor-open-lightbox=\"yes\" data-elementor-lightbox-slideshow=\"bxlqajf\" data-elementor-lightbox-title=\"amarillo\" href='https:\/\/www.jovir.es\/Jovir\/wp-content\/uploads\/2017\/11\/amarillo-2.jpg'><img width=\"150\" height=\"150\" src=\"https:\/\/www.jovir.es\/Jovir\/wp-content\/uploads\/2017\/11\/amarillo-2-150x150.jpg\" class=\"attachment-thumbnail size-thumbnail\" alt=\"\" loading=\"lazy\" srcset=\"https:\/\/www.jovir.es\/Jovir\/wp-content\/uploads\/2017\/11\/amarillo-2-150x150.jpg 150w, https:\/\/www.jovir.es\/Jovir\/wp-content\/uploads\/2017\/11\/amarillo-2-280x280.jpg 280w\" sizes=\"(max-width: 150px) 100vw, 150px\" \/><\/a>\n\t\t\t<\/div><\/figure>\n\t\t<\/div>\n\t\t<\/div>\n\t\t\t\t<\/div>\n\t\t\t\t<\/div>\n\t\t\t\t<div class=\"elementor-element elementor-element-kyhpyls elementor-widget elementor-widget-image\" data-id=\"kyhpyls\" data-element_type=\"widget\" data-widget_type=\"image.default\">\n\t\t\t\t<div class=\"elementor-widget-container\">\n\t\t\t\t\t<div class=\"elementor-image\">\n\t\t\t\t\t\t\t\t\t\t\t<a href=\"http:\/\/www.jovir.es\/Jovir\/wp-content\/uploads\/2017\/11\/amarillo-2.jpg\">\n\t\t\t\t\t\t\t<img width=\"230\" height=\"350\" src=\"https:\/\/www.jovir.es\/Jovir\/wp-content\/uploads\/2017\/11\/amarillo-1.jpg\" class=\"attachment-full size-full\" alt=\"\" loading=\"lazy\" srcset=\"https:\/\/www.jovir.es\/Jovir\/wp-content\/uploads\/2017\/11\/amarillo-1.jpg 230w, https:\/\/www.jovir.es\/Jovir\/wp-content\/uploads\/2017\/11\/amarillo-1-197x300.jpg 197w, https:\/\/www.jovir.es\/Jovir\/wp-content\/uploads\/2017\/11\/amarillo-1-36x55.jpg 36w\" sizes=\"(max-width: 230px) 100vw, 230px\" \/>\t\t\t\t\t\t\t\t<\/a>\n\t\t\t\t\t\t\t\t\t\t\t<\/div>\n\t\t\t\t<\/div>\n\t\t\t\t<\/div>\n\t\t\t\t\t\t<\/div>\n\t\t\t\t\t<\/div>\n\t\t<\/div>\n\t\t\t\t\t\t\t\t<\/div>\n\t\t\t\t\t<\/div>\n\t\t<\/section>\n\t\t\t\t<section class=\"elementor-section elementor-top-section elementor-element elementor-element-qgrnxzi elementor-section-boxed elementor-section-height-default elementor-section-height-default\" data-id=\"qgrnxzi\" data-element_type=\"section\">\n\t\t\t\t\t\t<div class=\"elementor-container elementor-column-gap-default\">\n\t\t\t\t\t\t\t<div class=\"elementor-row\">\n\t\t\t\t\t<div class=\"elementor-column elementor-col-50 elementor-top-column elementor-element elementor-element-bxosyqk\" data-id=\"bxosyqk\" data-element_type=\"column\">\n\t\t\t<div class=\"elementor-column-wrap elementor-element-populated\">\n\t\t\t\t\t\t\t<div class=\"elementor-widget-wrap\">\n\t\t\t\t\t\t<div class=\"elementor-element elementor-element-pfdohua elementor-widget elementor-widget-image\" data-id=\"pfdohua\" data-element_type=\"widget\" data-widget_type=\"image.default\">\n\t\t\t\t<div class=\"elementor-widget-container\">\n\t\t\t\t\t<div class=\"elementor-image\">\n\t\t\t\t\t\t\t<figure class=\"wp-caption\">\n\t\t\t\t\t\t\t\t\t\t\t<a href=\"http:\/\/www.jovir.es\/Jovir\/wp-content\/uploads\/2017\/11\/amarilloa-01.jpg\" data-elementor-open-lightbox=\"yes\" data-elementor-lightbox-title=\"amarilloa-01\">\n\t\t\t\t\t\t\t<img width=\"234\" height=\"300\" src=\"https:\/\/www.jovir.es\/Jovir\/wp-content\/uploads\/2017\/11\/amarilloa-01-234x300.jpg\" class=\"attachment-medium size-medium\" alt=\"\" loading=\"lazy\" srcset=\"https:\/\/www.jovir.es\/Jovir\/wp-content\/uploads\/2017\/11\/amarilloa-01-234x300.jpg 234w, https:\/\/www.jovir.es\/Jovir\/wp-content\/uploads\/2017\/11\/amarilloa-01-43x55.jpg 43w, https:\/\/www.jovir.es\/Jovir\/wp-content\/uploads\/2017\/11\/amarilloa-01.jpg 250w\" sizes=\"(max-width: 234px) 100vw, 234px\" \/>\t\t\t\t\t\t\t\t<\/a>\n\t\t\t\t\t\t\t\t\t\t\t<figcaption class=\"widget-image-caption wp-caption-text\">Detalle de Anclaje<\/figcaption>\n\t\t\t\t\t\t\t\t\t\t<\/figure>\n\t\t\t\t\t<\/div>\n\t\t\t\t<\/div>\n\t\t\t\t<\/div>\n\t\t\t\t\t\t<\/div>\n\t\t\t\t\t<\/div>\n\t\t<\/div>\n\t\t\t\t<div class=\"elementor-column elementor-col-50 elementor-top-column elementor-element elementor-element-vkqbvbk\" data-id=\"vkqbvbk\" data-element_type=\"column\">\n\t\t\t<div class=\"elementor-column-wrap elementor-element-populated\">\n\t\t\t\t\t\t\t<div class=\"elementor-widget-wrap\">\n\t\t\t\t\t\t<div class=\"elementor-element elementor-element-qcmgwtl elementor-widget elementor-widget-text-editor\" data-id=\"qcmgwtl\" data-element_type=\"widget\" data-widget_type=\"text-editor.default\">\n\t\t\t\t<div class=\"elementor-widget-container\">\n\t\t\t\t\t<div class=\"elementor-text-editor elementor-clearfix\"><div><div class=\"titletabla\">DIMENSIONES DE COLUMNAS MODELO AMARILLO<\/div><div>\u00a0<\/div><div><p><strong>Nota:\u00a0<\/strong>Dimensiones a verificar antes de fabricaci\u00f3n<\/p>\u00a0<\/div><div>\n<table id=\"tablepress-66\" class=\"tablepress tablepress-id-66\">\n<thead>\n<tr class=\"row-1 odd\">\n\t<th class=\"column-1\">MODELO<\/th><th class=\"column-2\">H<br \/>\n(m)<\/th><th class=\"column-3\">D1, D2, D3<br \/>\n(mm)<\/th><th class=\"column-4\">E<br \/>\n(mm)<\/th><th class=\"column-5\">e<br \/>\n(mm)<\/th><th class=\"column-6\">f<br \/>\n(mm)<\/th><th class=\"column-7\">g<br \/>\n(mm)<\/th><th class=\"column-8\">Pernos<br \/>\n\u00d8 y L<\/th>\n<\/tr>\n<\/thead>\n<tbody class=\"row-hover\">\n<tr class=\"row-2 even\">\n\t<td class=\"column-1\">AMARILLO<\/td><td class=\"column-2\">3<\/td><td class=\"column-3\">60 \/ 100 \/ 130<\/td><td class=\"column-4\">3\/4<\/td><td class=\"column-5\">6<\/td><td class=\"column-6\">215<\/td><td class=\"column-7\">300<\/td><td class=\"column-8\">M-14&#215;400<\/td>\n<\/tr>\n<tr class=\"row-3 odd\">\n\t<td class=\"column-1\">AMARILLO<\/td><td class=\"column-2\">3.5<\/td><td class=\"column-3\">60 \/ 100 \/ 130<\/td><td class=\"column-4\">3\/4<\/td><td class=\"column-5\">6<\/td><td class=\"column-6\">215<\/td><td class=\"column-7\">300<\/td><td class=\"column-8\">M-14&#215;400<\/td>\n<\/tr>\n<tr class=\"row-4 even\">\n\t<td class=\"column-1\">AMARILLO<\/td><td class=\"column-2\">4<\/td><td class=\"column-3\">60 \/ 100 \/ 130<\/td><td class=\"column-4\">3\/4<\/td><td class=\"column-5\">6<\/td><td class=\"column-6\">215<\/td><td class=\"column-7\">300<\/td><td class=\"column-8\">M-14&#215;400<\/td>\n<\/tr>\n<tr class=\"row-5 odd\">\n\t<td class=\"column-1\">AMARILLO<\/td><td class=\"column-2\">5<\/td><td class=\"column-3\">60 \/ 100 \/ 140<\/td><td class=\"column-4\">3\/4<\/td><td class=\"column-5\">6<\/td><td class=\"column-6\">215<\/td><td class=\"column-7\">300<\/td><td class=\"column-8\">M-16&#215;500<\/td>\n<\/tr>\n<tr class=\"row-6 even\">\n\t<td class=\"column-1\">AMARILLO<\/td><td class=\"column-2\">6<\/td><td class=\"column-3\">60 \/ 100 \/ 140<\/td><td class=\"column-4\">3\/4<\/td><td class=\"column-5\">6<\/td><td class=\"column-6\">215<\/td><td class=\"column-7\">300<\/td><td class=\"column-8\">M-16&#215;500<\/td>\n<\/tr>\n<tr class=\"row-7 odd\">\n\t<td class=\"column-1\">AMARILLO<\/td><td class=\"column-2\">7<\/td><td class=\"column-3\">60 \/ 100 \/ 140<\/td><td class=\"column-4\">3\/4<\/td><td class=\"column-5\">8<\/td><td class=\"column-6\">285<\/td><td class=\"column-7\">400<\/td><td class=\"column-8\">M-18&#215;500<\/td>\n<\/tr>\n<tr class=\"row-8 even\">\n\t<td class=\"column-1\">AMARILLO<\/td><td class=\"column-2\">8<\/td><td class=\"column-3\">60 \/ 120 \/ 150<\/td><td class=\"column-4\">3\/4<\/td><td class=\"column-5\">8<\/td><td class=\"column-6\">285<\/td><td class=\"column-7\">400<\/td><td class=\"column-8\">M-18&#215;500<\/td>\n<\/tr>\n<\/tbody>\n<\/table>\n<!-- #tablepress-66 from cache --><\/div><\/div><\/div>\n\t\t\t\t<\/div>\n\t\t\t\t<\/div>\n\t\t\t\t\t\t<\/div>\n\t\t\t\t\t<\/div>\n\t\t<\/div>\n\t\t\t\t\t\t\t\t<\/div>\n\t\t\t\t\t<\/div>\n\t\t<\/section>\n\t\t\t\t\t\t<\/div>\n\t\t\t\t\t\t<\/div>\n\t\t\t\t\t<\/div>\n\t\t","protected":false},"excerpt":{"rendered":"<p>ALUMBRADO P\u00daBLICO B\u00c1CULOS Y COLUMNAS COLUMNAS DECORATIVAS SEM\u00c1FOROS CRUCETAS APOYOS PARA ILUMINACI\u00d3N CIMENTACIONES SOPORTES PARA CCTV OTROS USOS ATR\u00c1S &gt; COLUMNA FUSTE:\u00a0Telesc\u00f3pica cil\u00edndrica.SECCI\u00d3N:\u00a0Circular.MATERIAL:\u00a0Acero al carbono S 235 JR y\/o S 275 JR seg\u00fan UNE EN 10025. Fabricaci\u00f3n conforme a norma UNE EN 40-5. Otro material:\u00a0Acero inoxidable austen\u00edtico grado 1.4404 (AISI316L) [&hellip;]<\/p>\n","protected":false},"author":1,"featured_media":0,"parent":0,"menu_order":0,"comment_status":"closed","ping_status":"closed","template":"","meta":[],"_links":{"self":[{"href":"https:\/\/www.jovir.es\/Jovir\/wp-json\/wp\/v2\/pages\/2128"}],"collection":[{"href":"https:\/\/www.jovir.es\/Jovir\/wp-json\/wp\/v2\/pages"}],"about":[{"href":"https:\/\/www.jovir.es\/Jovir\/wp-json\/wp\/v2\/types\/page"}],"author":[{"embeddable":true,"href":"https:\/\/www.jovir.es\/Jovir\/wp-json\/wp\/v2\/users\/1"}],"replies":[{"embeddable":true,"href":"https:\/\/www.jovir.es\/Jovir\/wp-json\/wp\/v2\/comments?post=2128"}],"version-history":[{"count":13,"href":"https:\/\/www.jovir.es\/Jovir\/wp-json\/wp\/v2\/pages\/2128\/revisions"}],"predecessor-version":[{"id":8262,"href":"https:\/\/www.jovir.es\/Jovir\/wp-json\/wp\/v2\/pages\/2128\/revisions\/8262"}],"wp:attachment":[{"href":"https:\/\/www.jovir.es\/Jovir\/wp-json\/wp\/v2\/media?parent=2128"}],"curies":[{"name":"wp","href":"https:\/\/api.w.org\/{rel}","templated":true}]}}